{"id":61,"date":"2014-02-14T13:57:10","date_gmt":"2014-02-14T13:57:10","guid":{"rendered":"http:\/\/website.oranienschule-elz.de\/?page_id=61"},"modified":"2025-09-10T10:57:55","modified_gmt":"2025-09-10T10:57:55","slug":"start-2","status":"publish","type":"page","link":"https:\/\/website.oranienschule-elz.de\/","title":{"rendered":"Herzlich willkommen&#8230;"},"content":{"rendered":"<h3><a href=\"https:\/\/website.oranienschule-elz.de\/wp-content\/uploads\/2019\/08\/20190821_204126.jpg\" target=\"_blank\" rel=\"noopener noreferrer\"><img loading=\"lazy\" decoding=\"async\" class=\"aligncenter wp-image-739\" title=\"Neugestaltung der Schulhofmauer (2019) durch K\u00fcnstler Michi Schmitt\" src=\"https:\/\/website.oranienschule-elz.de\/wp-content\/uploads\/2019\/08\/20190821_204126.jpg\" alt=\"\" width=\"676\" height=\"150\" srcset=\"https:\/\/website.oranienschule-elz.de\/wp-content\/uploads\/2019\/08\/20190821_204126.jpg 3800w, https:\/\/website.oranienschule-elz.de\/wp-content\/uploads\/2019\/08\/20190821_204126-300x66.jpg 300w, https:\/\/website.oranienschule-elz.de\/wp-content\/uploads\/2019\/08\/20190821_204126-768x170.jpg 768w, https:\/\/website.oranienschule-elz.de\/wp-content\/uploads\/2019\/08\/20190821_204126-1024x227.jpg 1024w\" sizes=\"auto, (max-width: 676px) 100vw, 676px\" \/><\/a><strong>Herzlich willkommen an der Oranienschule Elz<\/strong><\/h3>\n<p><strong>Liebe Sch\u00fclerinnen und Sch\u00fcler, liebe Eltern, liebe G\u00e4ste,<\/strong><\/p>\n<p>wir begr\u00fc\u00dfen Sie herzlich auf der Schulwebsite der Oranienschule Elz. Wir, das sind Herr Schupp (Rektor), Herr Koch (Konrektor) und das gesamte Kollegium, freuen uns sehr, dass Sie hier vorbeischauen.<\/p>\n<p>Gemeinsam gestalten wir eine Schule, in der Lernen Freude macht, Neugier weckt und jeder seine St\u00e4rken entfalten kann. Unsere Schule bietet ein vielf\u00e4ltiges Bildungsangebot, engagierte Lehrkr\u00e4fte und eine unterst\u00fctzende Gemeinschaft, in der Respekt, Verantwortung und Fairness im Mittelpunkt stehen.<\/p>\n<p>Auf dieser Seite finden Sie Informationen zur Schule, zu Angeboten unserer Ganztagsbetreuung, Terminpl\u00e4ne sowie aktuelle Nachrichten aus dem Schulalltag. Wir m\u00f6chten Transparenz schaffen und Ihnen einen Einblick in das Schulleben der Oranienschule Elz geben. Bitte haben Sie daf\u00fcr Verst\u00e4ndnis, dass einige Bereiche passwortgesch\u00fctzt sind, es dient dem Schutz unserer Sch\u00fclerinnen und Sch\u00fcler.<\/p>\n<p>Wir freuen uns \u00fcber Ihr Interesse und Ihre Teilnahme an unserem Schulgeschehen \u2013 sei es durch Meldungen, Fragen oder Anregungen. Z\u00f6gern Sie nicht, uns zu kontaktieren oder einen Termin zu vereinbaren.<\/p>\n<p>Wir w\u00fcnschen Ihnen viel Spa\u00df beim Durchst\u00f6bern der Seiten.<\/p>\n<p style=\"text-align: justify;\">Herzliche Gr\u00fc\u00dfe<\/p>\n<p style=\"text-align: justify;\">Das gesamte Team der Oranienschule Elz<\/p>\n<div class=\"pvc_clear\"><\/div>\n<p id=\"pvc_stats_61\" class=\"pvc_stats all  \" data-element-id=\"61\" style=\"\"><i class=\"pvc-stats-icon small\" aria-hidden=\"true\"><svg aria-hidden=\"true\" focusable=\"false\" data-prefix=\"far\" data-icon=\"chart-bar\" role=\"img\" xmlns=\"http:\/\/www.w3.org\/2000\/svg\" viewBox=\"0 0 512 512\" class=\"svg-inline--fa fa-chart-bar fa-w-16 fa-2x\"><path fill=\"currentColor\" d=\"M396.8 352h22.4c6.4 0 12.8-6.4 12.8-12.8V108.8c0-6.4-6.4-12.8-12.8-12.8h-22.4c-6.4 0-12.8 6.4-12.8 12.8v230.4c0 6.4 6.4 12.8 12.8 12.8zm-192 0h22.4c6.4 0 12.8-6.4 12.8-12.8V140.8c0-6.4-6.4-12.8-12.8-12.8h-22.4c-6.4 0-12.8 6.4-12.8 12.8v198.4c0 6.4 6.4 12.8 12.8 12.8zm96 0h22.4c6.4 0 12.8-6.4 12.8-12.8V204.8c0-6.4-6.4-12.8-12.8-12.8h-22.4c-6.4 0-12.8 6.4-12.8 12.8v134.4c0 6.4 6.4 12.8 12.8 12.8zM496 400H48V80c0-8.84-7.16-16-16-16H16C7.16 64 0 71.16 0 80v336c0 17.67 14.33 32 32 32h464c8.84 0 16-7.16 16-16v-16c0-8.84-7.16-16-16-16zm-387.2-48h22.4c6.4 0 12.8-6.4 12.8-12.8v-70.4c0-6.4-6.4-12.8-12.8-12.8h-22.4c-6.4 0-12.8 6.4-12.8 12.8v70.4c0 6.4 6.4 12.8 12.8 12.8z\" class=\"\"><\/path><\/svg><\/i> <img loading=\"lazy\" decoding=\"async\" width=\"16\" height=\"16\" alt=\"Loading\" src=\"https:\/\/website.oranienschule-elz.de\/wp-content\/plugins\/page-views-count\/ajax-loader-2x.gif\" border=0 \/><\/p>\n<div class=\"pvc_clear\"><\/div>\n","protected":false},"excerpt":{"rendered":"<p>Herzlich willkommen an der Oranienschule Elz Liebe Sch\u00fclerinnen und Sch\u00fcler, liebe Eltern, liebe G\u00e4ste, wir begr\u00fc\u00dfen Sie herzlich auf der Schulwebsite der Oranienschule Elz. Wir, das sind Herr Schupp (Rektor), Herr Koch (Konrektor) und das gesamte Kollegium, freuen uns sehr, dass Sie hier vorbeischauen. Gemeinsam gestalten wir eine Schule, in der Lernen Freude macht, Neugier &hellip; <a href=\"https:\/\/website.oranienschule-elz.de\/\" class=\"more-link\"><span class=\"screen-reader-text\">Herzlich willkommen&#8230;<\/span> weiterlesen <span class=\"meta-nav\">&rarr;<\/span><\/a><\/p>\n<div class=\"pvc_clear\"><\/div>\n<p id=\"pvc_stats_61\" class=\"pvc_stats all  \" data-element-id=\"61\" style=\"\"><i class=\"pvc-stats-icon small\" aria-hidden=\"true\"><svg aria-hidden=\"true\" focusable=\"false\" data-prefix=\"far\" data-icon=\"chart-bar\" role=\"img\" xmlns=\"http:\/\/www.w3.org\/2000\/svg\" viewBox=\"0 0 512 512\" class=\"svg-inline--fa fa-chart-bar fa-w-16 fa-2x\"><path fill=\"currentColor\" d=\"M396.8 352h22.4c6.4 0 12.8-6.4 12.8-12.8V108.8c0-6.4-6.4-12.8-12.8-12.8h-22.4c-6.4 0-12.8 6.4-12.8 12.8v230.4c0 6.4 6.4 12.8 12.8 12.8zm-192 0h22.4c6.4 0 12.8-6.4 12.8-12.8V140.8c0-6.4-6.4-12.8-12.8-12.8h-22.4c-6.4 0-12.8 6.4-12.8 12.8v198.4c0 6.4 6.4 12.8 12.8 12.8zm96 0h22.4c6.4 0 12.8-6.4 12.8-12.8V204.8c0-6.4-6.4-12.8-12.8-12.8h-22.4c-6.4 0-12.8 6.4-12.8 12.8v134.4c0 6.4 6.4 12.8 12.8 12.8zM496 400H48V80c0-8.84-7.16-16-16-16H16C7.16 64 0 71.16 0 80v336c0 17.67 14.33 32 32 32h464c8.84 0 16-7.16 16-16v-16c0-8.84-7.16-16-16-16zm-387.2-48h22.4c6.4 0 12.8-6.4 12.8-12.8v-70.4c0-6.4-6.4-12.8-12.8-12.8h-22.4c-6.4 0-12.8 6.4-12.8 12.8v70.4c0 6.4 6.4 12.8 12.8 12.8z\" class=\"\"><\/path><\/svg><\/i> <img loading=\"lazy\" decoding=\"async\" width=\"16\" height=\"16\" alt=\"Loading\" src=\"https:\/\/website.oranienschule-elz.de\/wp-content\/plugins\/page-views-count\/ajax-loader-2x.gif\" border=0 \/><\/p>\n<div class=\"pvc_clear\"><\/div>\n","protected":false},"author":2,"featured_media":0,"parent":0,"menu_order":0,"comment_status":"closed","ping_status":"closed","template":"","meta":{"footnotes":""},"class_list":["post-61","page","type-page","status-publish","hentry"],"a3_pvc":{"activated":true,"total_views":130682,"today_views":2},"_links":{"self":[{"href":"https:\/\/website.oranienschule-elz.de\/index.php?rest_route=\/wp\/v2\/pages\/61","targetHints":{"allow":["GET"]}}],"collection":[{"href":"https:\/\/website.oranienschule-elz.de\/index.php?rest_route=\/wp\/v2\/pages"}],"about":[{"href":"https:\/\/website.oranienschule-elz.de\/index.php?rest_route=\/wp\/v2\/types\/page"}],"author":[{"embeddable":true,"href":"https:\/\/website.oranienschule-elz.de\/index.php?rest_route=\/wp\/v2\/users\/2"}],"replies":[{"embeddable":true,"href":"https:\/\/website.oranienschule-elz.de\/index.php?rest_route=%2Fwp%2Fv2%2Fcomments&post=61"}],"version-history":[{"count":62,"href":"https:\/\/website.oranienschule-elz.de\/index.php?rest_route=\/wp\/v2\/pages\/61\/revisions"}],"predecessor-version":[{"id":2592,"href":"https:\/\/website.oranienschule-elz.de\/index.php?rest_route=\/wp\/v2\/pages\/61\/revisions\/2592"}],"wp:attachment":[{"href":"https:\/\/website.oranienschule-elz.de\/index.php?rest_route=%2Fwp%2Fv2%2Fmedia&parent=61"}],"curies":[{"name":"wp","href":"https:\/\/api.w.org\/{rel}","templated":true}]}}