{"id":2452,"date":"2025-05-20T12:12:33","date_gmt":"2025-05-20T12:12:33","guid":{"rendered":"https:\/\/website.oranienschule-elz.de\/?page_id=2452"},"modified":"2026-04-29T12:14:42","modified_gmt":"2026-04-29T12:14:42","slug":"betreuungsunerlagen","status":"publish","type":"page","link":"https:\/\/website.oranienschule-elz.de\/?page_id=2452","title":{"rendered":"Betreuungsunterlagen"},"content":{"rendered":"\n<p>Unter dem Link finden Sie alle wichtigen Informationen zur Betreuung. <\/p>\n\n\n\n<p>Dort k\u00f6nnen Sie Ihr Kind auch direkt online f\u00fcr die Betreuung im Schuljahr 2026\/27 anmelden. <\/p>\n\n\n\n<p>Au\u00dferdem stehen dort noch die Unterlagen f\u00fcr \u00c4nderungen bei der Wahl des Betreuungsmodells sowie f\u00fcr die Abholregelungen im Schuljahr 2025\/26 bereit.<\/p>\n\n\n\n<p>Link: <a href=\"https:\/\/schulverein.oranienschule-elz.de\/downloads\/\" target=\"_blank\" rel=\"noreferrer noopener\">https:\/\/schulverein.oranienschule-elz.de\/downloads\/<\/a><\/p>\n\n\n\n<figure class=\"wp-block-image size-full\"><img loading=\"lazy\" decoding=\"async\" width=\"500\" height=\"500\" src=\"https:\/\/website.oranienschule-elz.de\/wp-content\/uploads\/2026\/04\/image.png\" alt=\"\" class=\"wp-image-2763\" srcset=\"https:\/\/website.oranienschule-elz.de\/wp-content\/uploads\/2026\/04\/image.png 500w, https:\/\/website.oranienschule-elz.de\/wp-content\/uploads\/2026\/04\/image-300x300.png 300w, https:\/\/website.oranienschule-elz.de\/wp-content\/uploads\/2026\/04\/image-200x200.png 200w\" sizes=\"auto, (max-width: 500px) 100vw, 500px\" \/><\/figure>\n\n\n\n<p><\/p>\n\n\n\n<p><\/p>\n\n\n\n<p><\/p>\n<div class=\"pvc_clear\"><\/div><p id=\"pvc_stats_2452\" class=\"pvc_stats all  \" data-element-id=\"2452\" style=\"\"><i class=\"pvc-stats-icon small\" aria-hidden=\"true\"><svg aria-hidden=\"true\" focusable=\"false\" data-prefix=\"far\" data-icon=\"chart-bar\" role=\"img\" xmlns=\"http:\/\/www.w3.org\/2000\/svg\" viewBox=\"0 0 512 512\" class=\"svg-inline--fa fa-chart-bar fa-w-16 fa-2x\"><path fill=\"currentColor\" d=\"M396.8 352h22.4c6.4 0 12.8-6.4 12.8-12.8V108.8c0-6.4-6.4-12.8-12.8-12.8h-22.4c-6.4 0-12.8 6.4-12.8 12.8v230.4c0 6.4 6.4 12.8 12.8 12.8zm-192 0h22.4c6.4 0 12.8-6.4 12.8-12.8V140.8c0-6.4-6.4-12.8-12.8-12.8h-22.4c-6.4 0-12.8 6.4-12.8 12.8v198.4c0 6.4 6.4 12.8 12.8 12.8zm96 0h22.4c6.4 0 12.8-6.4 12.8-12.8V204.8c0-6.4-6.4-12.8-12.8-12.8h-22.4c-6.4 0-12.8 6.4-12.8 12.8v134.4c0 6.4 6.4 12.8 12.8 12.8zM496 400H48V80c0-8.84-7.16-16-16-16H16C7.16 64 0 71.16 0 80v336c0 17.67 14.33 32 32 32h464c8.84 0 16-7.16 16-16v-16c0-8.84-7.16-16-16-16zm-387.2-48h22.4c6.4 0 12.8-6.4 12.8-12.8v-70.4c0-6.4-6.4-12.8-12.8-12.8h-22.4c-6.4 0-12.8 6.4-12.8 12.8v70.4c0 6.4 6.4 12.8 12.8 12.8z\" class=\"\"><\/path><\/svg><\/i> <img loading=\"lazy\" decoding=\"async\" width=\"16\" height=\"16\" alt=\"Loading\" src=\"https:\/\/website.oranienschule-elz.de\/wp-content\/plugins\/page-views-count\/ajax-loader-2x.gif\" border=0 \/><\/p><div class=\"pvc_clear\"><\/div>","protected":false},"excerpt":{"rendered":"<p>Unter dem Link finden Sie alle wichtigen Informationen zur Betreuung. Dort k\u00f6nnen Sie Ihr Kind auch direkt online f\u00fcr die Betreuung im Schuljahr 2026\/27 anmelden. Au\u00dferdem stehen dort noch die Unterlagen f\u00fcr \u00c4nderungen bei der Wahl des Betreuungsmodells sowie f\u00fcr die Abholregelungen im Schuljahr 2025\/26 bereit. Link: https:\/\/schulverein.oranienschule-elz.de\/downloads\/<\/p>\n<div class=\"pvc_clear\"><\/div>\n<p id=\"pvc_stats_2452\" class=\"pvc_stats all  \" data-element-id=\"2452\" style=\"\"><i class=\"pvc-stats-icon small\" aria-hidden=\"true\"><svg aria-hidden=\"true\" focusable=\"false\" data-prefix=\"far\" data-icon=\"chart-bar\" role=\"img\" xmlns=\"http:\/\/www.w3.org\/2000\/svg\" viewBox=\"0 0 512 512\" class=\"svg-inline--fa fa-chart-bar fa-w-16 fa-2x\"><path fill=\"currentColor\" d=\"M396.8 352h22.4c6.4 0 12.8-6.4 12.8-12.8V108.8c0-6.4-6.4-12.8-12.8-12.8h-22.4c-6.4 0-12.8 6.4-12.8 12.8v230.4c0 6.4 6.4 12.8 12.8 12.8zm-192 0h22.4c6.4 0 12.8-6.4 12.8-12.8V140.8c0-6.4-6.4-12.8-12.8-12.8h-22.4c-6.4 0-12.8 6.4-12.8 12.8v198.4c0 6.4 6.4 12.8 12.8 12.8zm96 0h22.4c6.4 0 12.8-6.4 12.8-12.8V204.8c0-6.4-6.4-12.8-12.8-12.8h-22.4c-6.4 0-12.8 6.4-12.8 12.8v134.4c0 6.4 6.4 12.8 12.8 12.8zM496 400H48V80c0-8.84-7.16-16-16-16H16C7.16 64 0 71.16 0 80v336c0 17.67 14.33 32 32 32h464c8.84 0 16-7.16 16-16v-16c0-8.84-7.16-16-16-16zm-387.2-48h22.4c6.4 0 12.8-6.4 12.8-12.8v-70.4c0-6.4-6.4-12.8-12.8-12.8h-22.4c-6.4 0-12.8 6.4-12.8 12.8v70.4c0 6.4 6.4 12.8 12.8 12.8z\" class=\"\"><\/path><\/svg><\/i> <img loading=\"lazy\" decoding=\"async\" width=\"16\" height=\"16\" alt=\"Loading\" src=\"https:\/\/website.oranienschule-elz.de\/wp-content\/plugins\/page-views-count\/ajax-loader-2x.gif\" border=0 \/><\/p>\n<div class=\"pvc_clear\"><\/div>\n","protected":false},"author":3,"featured_media":0,"parent":0,"menu_order":0,"comment_status":"closed","ping_status":"closed","template":"","meta":{"footnotes":""},"class_list":["post-2452","page","type-page","status-publish","hentry"],"a3_pvc":{"activated":true,"total_views":500,"today_views":3},"_links":{"self":[{"href":"https:\/\/website.oranienschule-elz.de\/index.php?rest_route=\/wp\/v2\/pages\/2452","targetHints":{"allow":["GET"]}}],"collection":[{"href":"https:\/\/website.oranienschule-elz.de\/index.php?rest_route=\/wp\/v2\/pages"}],"about":[{"href":"https:\/\/website.oranienschule-elz.de\/index.php?rest_route=\/wp\/v2\/types\/page"}],"author":[{"embeddable":true,"href":"https:\/\/website.oranienschule-elz.de\/index.php?rest_route=\/wp\/v2\/users\/3"}],"replies":[{"embeddable":true,"href":"https:\/\/website.oranienschule-elz.de\/index.php?rest_route=%2Fwp%2Fv2%2Fcomments&post=2452"}],"version-history":[{"count":19,"href":"https:\/\/website.oranienschule-elz.de\/index.php?rest_route=\/wp\/v2\/pages\/2452\/revisions"}],"predecessor-version":[{"id":2766,"href":"https:\/\/website.oranienschule-elz.de\/index.php?rest_route=\/wp\/v2\/pages\/2452\/revisions\/2766"}],"wp:attachment":[{"href":"https:\/\/website.oranienschule-elz.de\/index.php?rest_route=%2Fwp%2Fv2%2Fmedia&parent=2452"}],"curies":[{"name":"wp","href":"https:\/\/api.w.org\/{rel}","templated":true}]}}