{"id":1387,"date":"2021-11-17T13:47:35","date_gmt":"2021-11-17T13:47:35","guid":{"rendered":"http:\/\/website.oranienschule-elz.de\/?page_id=1387"},"modified":"2025-09-29T08:35:45","modified_gmt":"2025-09-29T08:35:45","slug":"weiterfuehrende-schule","status":"publish","type":"page","link":"https:\/\/website.oranienschule-elz.de\/?page_id=1387","title":{"rendered":"Weiterf\u00fchrende Schule"},"content":{"rendered":"\n<div data-wp-interactive=\"core\/file\" class=\"wp-block-file\"><object data-wp-bind--hidden=\"!state.hasPdfPreview\" hidden class=\"wp-block-file__embed\" data=\"https:\/\/website.oranienschule-elz.de\/wp-content\/uploads\/2025\/09\/DB_Faltblatt-Uebergang-4-5_ohne-Veranstaltung.pdf\" type=\"application\/pdf\" style=\"width:100%;height:620px\" aria-label=\"Einbettung von DB_Faltblatt \u00dcbergang 4-5_ohne Veranstaltung.\"><\/object><a id=\"wp-block-file--media-860fffb2-eaf5-4401-8e00-1caf2362d3e9\" href=\"https:\/\/website.oranienschule-elz.de\/wp-content\/uploads\/2025\/09\/DB_Faltblatt-Uebergang-4-5_ohne-Veranstaltung.pdf\" target=\"_blank\" rel=\"noreferrer noopener\">DB_Faltblatt \u00dcbergang 4-5_ohne Veranstaltung<\/a><\/div>\n\n\n\n<div class=\"wp-block-file\"><a id=\"wp-block-file--media-f7f4c867-330a-4c46-8dc9-bcaff1784b24\" href=\"https:\/\/website.oranienschule-elz.de\/wp-content\/uploads\/2024\/09\/Mein-Kind-kommt-in-die-5.-Klasse_HMKB.pptx\" target=\"_blank\" rel=\"noreferrer noopener\">Hier finden Sie die PowerPoint Pr\u00e4sentation des HMKB<br>Mein Kind kommt in die 5. Klasse_HMKB<\/a><\/div>\n\n\n\n<div data-wp-interactive=\"core\/file\" class=\"wp-block-file\"><object data-wp-bind--hidden=\"!state.hasPdfPreview\" hidden class=\"wp-block-file__embed\" data=\"https:\/\/website.oranienschule-elz.de\/wp-content\/uploads\/2025\/09\/Ueberblick-zu-den-Terminen-zum-Uebergang-4-5-SuS-sonderpaedagogische-Foerderung_2025.pdf\" type=\"application\/pdf\" style=\"width:100%;height:600px\" aria-label=\"Einbettung von \u00dcberblick zu den Terminen zum \u00dcbergang 4-5 SuS sonderp\u00e4dagogische F\u00f6rderung_2025.\"><\/object><a id=\"wp-block-file--media-56dee853-00b7-4d2d-a8b9-7c6784703787\" href=\"https:\/\/website.oranienschule-elz.de\/wp-content\/uploads\/2025\/09\/Ueberblick-zu-den-Terminen-zum-Uebergang-4-5-SuS-sonderpaedagogische-Foerderung_2025.pdf\" target=\"_blank\" rel=\"noreferrer noopener\">\u00dcberblick zu den Terminen zum \u00dcbergang 4-5 SuS sonderp\u00e4dagogische F\u00f6rderung_2025<\/a><\/div>\n\n\n\n<p><\/p>\n<div class=\"pvc_clear\"><\/div><p id=\"pvc_stats_1387\" class=\"pvc_stats all  \" data-element-id=\"1387\" style=\"\"><i class=\"pvc-stats-icon small\" aria-hidden=\"true\"><svg aria-hidden=\"true\" focusable=\"false\" data-prefix=\"far\" data-icon=\"chart-bar\" role=\"img\" xmlns=\"http:\/\/www.w3.org\/2000\/svg\" viewBox=\"0 0 512 512\" class=\"svg-inline--fa fa-chart-bar fa-w-16 fa-2x\"><path fill=\"currentColor\" d=\"M396.8 352h22.4c6.4 0 12.8-6.4 12.8-12.8V108.8c0-6.4-6.4-12.8-12.8-12.8h-22.4c-6.4 0-12.8 6.4-12.8 12.8v230.4c0 6.4 6.4 12.8 12.8 12.8zm-192 0h22.4c6.4 0 12.8-6.4 12.8-12.8V140.8c0-6.4-6.4-12.8-12.8-12.8h-22.4c-6.4 0-12.8 6.4-12.8 12.8v198.4c0 6.4 6.4 12.8 12.8 12.8zm96 0h22.4c6.4 0 12.8-6.4 12.8-12.8V204.8c0-6.4-6.4-12.8-12.8-12.8h-22.4c-6.4 0-12.8 6.4-12.8 12.8v134.4c0 6.4 6.4 12.8 12.8 12.8zM496 400H48V80c0-8.84-7.16-16-16-16H16C7.16 64 0 71.16 0 80v336c0 17.67 14.33 32 32 32h464c8.84 0 16-7.16 16-16v-16c0-8.84-7.16-16-16-16zm-387.2-48h22.4c6.4 0 12.8-6.4 12.8-12.8v-70.4c0-6.4-6.4-12.8-12.8-12.8h-22.4c-6.4 0-12.8 6.4-12.8 12.8v70.4c0 6.4 6.4 12.8 12.8 12.8z\" class=\"\"><\/path><\/svg><\/i> <img loading=\"lazy\" decoding=\"async\" width=\"16\" height=\"16\" alt=\"Loading\" src=\"https:\/\/website.oranienschule-elz.de\/wp-content\/plugins\/page-views-count\/ajax-loader-2x.gif\" border=0 \/><\/p><div class=\"pvc_clear\"><\/div>","protected":false},"excerpt":{"rendered":"<div class=\"pvc_clear\"><\/div>\n<p id=\"pvc_stats_1387\" class=\"pvc_stats all  \" data-element-id=\"1387\" style=\"\"><i class=\"pvc-stats-icon small\" aria-hidden=\"true\"><svg aria-hidden=\"true\" focusable=\"false\" data-prefix=\"far\" data-icon=\"chart-bar\" role=\"img\" xmlns=\"http:\/\/www.w3.org\/2000\/svg\" viewBox=\"0 0 512 512\" class=\"svg-inline--fa fa-chart-bar fa-w-16 fa-2x\"><path fill=\"currentColor\" d=\"M396.8 352h22.4c6.4 0 12.8-6.4 12.8-12.8V108.8c0-6.4-6.4-12.8-12.8-12.8h-22.4c-6.4 0-12.8 6.4-12.8 12.8v230.4c0 6.4 6.4 12.8 12.8 12.8zm-192 0h22.4c6.4 0 12.8-6.4 12.8-12.8V140.8c0-6.4-6.4-12.8-12.8-12.8h-22.4c-6.4 0-12.8 6.4-12.8 12.8v198.4c0 6.4 6.4 12.8 12.8 12.8zm96 0h22.4c6.4 0 12.8-6.4 12.8-12.8V204.8c0-6.4-6.4-12.8-12.8-12.8h-22.4c-6.4 0-12.8 6.4-12.8 12.8v134.4c0 6.4 6.4 12.8 12.8 12.8zM496 400H48V80c0-8.84-7.16-16-16-16H16C7.16 64 0 71.16 0 80v336c0 17.67 14.33 32 32 32h464c8.84 0 16-7.16 16-16v-16c0-8.84-7.16-16-16-16zm-387.2-48h22.4c6.4 0 12.8-6.4 12.8-12.8v-70.4c0-6.4-6.4-12.8-12.8-12.8h-22.4c-6.4 0-12.8 6.4-12.8 12.8v70.4c0 6.4 6.4 12.8 12.8 12.8z\" class=\"\"><\/path><\/svg><\/i> <img loading=\"lazy\" decoding=\"async\" width=\"16\" height=\"16\" alt=\"Loading\" src=\"https:\/\/website.oranienschule-elz.de\/wp-content\/plugins\/page-views-count\/ajax-loader-2x.gif\" border=0 \/><\/p>\n<div class=\"pvc_clear\"><\/div>\n","protected":false},"author":2,"featured_media":0,"parent":0,"menu_order":0,"comment_status":"closed","ping_status":"closed","template":"","meta":{"footnotes":""},"class_list":["post-1387","page","type-page","status-publish","hentry"],"a3_pvc":{"activated":true,"total_views":1809,"today_views":0},"_links":{"self":[{"href":"https:\/\/website.oranienschule-elz.de\/index.php?rest_route=\/wp\/v2\/pages\/1387","targetHints":{"allow":["GET"]}}],"collection":[{"href":"https:\/\/website.oranienschule-elz.de\/index.php?rest_route=\/wp\/v2\/pages"}],"about":[{"href":"https:\/\/website.oranienschule-elz.de\/index.php?rest_route=\/wp\/v2\/types\/page"}],"author":[{"embeddable":true,"href":"https:\/\/website.oranienschule-elz.de\/index.php?rest_route=\/wp\/v2\/users\/2"}],"replies":[{"embeddable":true,"href":"https:\/\/website.oranienschule-elz.de\/index.php?rest_route=%2Fwp%2Fv2%2Fcomments&post=1387"}],"version-history":[{"count":10,"href":"https:\/\/website.oranienschule-elz.de\/index.php?rest_route=\/wp\/v2\/pages\/1387\/revisions"}],"predecessor-version":[{"id":2624,"href":"https:\/\/website.oranienschule-elz.de\/index.php?rest_route=\/wp\/v2\/pages\/1387\/revisions\/2624"}],"wp:attachment":[{"href":"https:\/\/website.oranienschule-elz.de\/index.php?rest_route=%2Fwp%2Fv2%2Fmedia&parent=1387"}],"curies":[{"name":"wp","href":"https:\/\/api.w.org\/{rel}","templated":true}]}}